{"id":1022,"date":"2020-06-12T08:52:11","date_gmt":"2020-06-12T08:52:11","guid":{"rendered":"http:\/\/inventcap.eu\/project\/?page_id=1022"},"modified":"2020-06-12T08:52:11","modified_gmt":"2020-06-12T08:52:11","slug":"unternehmen","status":"publish","type":"page","link":"https:\/\/inventcap.eu\/project\/?page_id=1022","title":{"rendered":"Unternehmen"},"content":{"rendered":"\n<p>InventCap unterst\u00fctzt seine Kunden bei der Bewertung, Verwertung und dem Management von geistigem Eigentum sowie mit der Bereitstellung von dazu erforderlichen Werkzeugen. Das Unternehmen wurde 2009 gegr\u00fcndet und firmiert mit Sitz in Jena \u2013 der Wissenschaftsstadt in Th\u00fcringen. Ein strategischer Umgang mit Wissen (engl. \u201eBrain\u201c), von den Gr\u00fcndern BrainSourcing genannt, wird zunehmend zum pr\u00e4genden Wettbewerbsfaktor f\u00fcr den langfristigen Unternehmenserfolg. Von dieser Vision spricht der Gesch\u00e4ftsf\u00fchrer Dipl.-Ing. Otto Haueis \u201eBrainSourcing l\u00e4sst Ideen wachsen und reifen, wie bei einem Baum aus der Wurzel ein Stamm mit \u00c4sten, Bl\u00fcten und Fr\u00fcchten w\u00e4chst.\u201c<br><br>Kunden k\u00f6nnen bei der Zusammenarbeit mit InventCap auch von unseren strategischen Partnern in USA und Japan profitieren. Aufbauend auf den langj\u00e4hrigen Erfahrungen des InventCap- Teams in internationaler Forschung, Entwicklung und im Lizenzwesen unterst\u00fctzten wir unsere Kunden zu erfolgreichem Brainsourcing.<\/p>\n","protected":false},"excerpt":{"rendered":"<p>InventCap unterst\u00fctzt seine Kunden bei der Bewertung, Verwertung und dem Management von geistigem Eigentum sowie mit der Bereitstellung von dazu erforderlichen Werkzeugen. Das Unternehmen wurde 2009 gegr\u00fcndet und firmiert mit Sitz in Jena \u2013 der Wissenschaftsstadt in Th\u00fcringen. Ein strategischer Umgang mit Wissen (engl. \u201eBrain\u201c), von den Gr\u00fcndern BrainSourcing genannt, wird zunehmend zum pr\u00e4genden Wettbewerbsfaktor [&hellip;]<\/p>\n","protected":false},"author":3,"featured_media":0,"parent":0,"menu_order":0,"comment_status":"closed","ping_status":"closed","template":"","meta":{"footnotes":""},"class_list":["post-1022","page","type-page","status-publish","hentry"],"_links":{"self":[{"href":"https:\/\/inventcap.eu\/project\/index.php?rest_route=\/wp\/v2\/pages\/1022","targetHints":{"allow":["GET"]}}],"collection":[{"href":"https:\/\/inventcap.eu\/project\/index.php?rest_route=\/wp\/v2\/pages"}],"about":[{"href":"https:\/\/inventcap.eu\/project\/index.php?rest_route=\/wp\/v2\/types\/page"}],"author":[{"embeddable":true,"href":"https:\/\/inventcap.eu\/project\/index.php?rest_route=\/wp\/v2\/users\/3"}],"replies":[{"embeddable":true,"href":"https:\/\/inventcap.eu\/project\/index.php?rest_route=%2Fwp%2Fv2%2Fcomments&post=1022"}],"version-history":[{"count":1,"href":"https:\/\/inventcap.eu\/project\/index.php?rest_route=\/wp\/v2\/pages\/1022\/revisions"}],"predecessor-version":[{"id":1023,"href":"https:\/\/inventcap.eu\/project\/index.php?rest_route=\/wp\/v2\/pages\/1022\/revisions\/1023"}],"wp:attachment":[{"href":"https:\/\/inventcap.eu\/project\/index.php?rest_route=%2Fwp%2Fv2%2Fmedia&parent=1022"}],"curies":[{"name":"wp","href":"https:\/\/api.w.org\/{rel}","templated":true}]}}